{"id":25,"date":"2015-02-05T10:22:10","date_gmt":"2015-02-05T10:22:10","guid":{"rendered":"http:\/\/wpcharming.wpengine.com\/construction\/?page_id=25"},"modified":"2025-08-12T21:12:37","modified_gmt":"2025-08-12T18:12:37","slug":"contact","status":"publish","type":"page","link":"https:\/\/temak.com.tr\/en\/contact\/","title":{"rendered":"Contact"},"content":{"rendered":"<div class=\"wpb-content-wrapper\"><p>[vc_row row_type=&#8221;row_full_center_content&#8221; padding_top=&#8221;10&#8243;][vc_column width=&#8221;1\/2&#8243;]\n\t<div class=\"custom-heading wpb_content_element \">\n\t\t<h2 class=\"heading-title\" >Contact us<\/h2>\n\t\t<span class=\"heading-line primary\"><\/span>\n\t<\/div>[vc_row_inner][vc_column_inner width=&#8221;1\/2&#8243; css=&#8221;.vc_custom_1423767656799{margin-top: 60px !important;margin-bottom: 40px !important;}&#8221;][vc_column_text css=&#8221;&#8221;]<\/p>\n<h4><strong>Headquarters<\/strong><\/h4>\n<p>TEMAK TEKN\u0130K TAKIM TEZGAHLARI SAN. VE T\u0130C. A. \u015e.<\/p>\n<p>Girne Mah. Irmaklar Sok. K\u00fc\u00e7\u00fckyal\u0131 \u0130\u015f Merkezi No:72-1 C\/1, 34852, Maltepe \u0130stanbul T\u00fcrkiye[\/vc_column_text][vc_column_text css=&#8221;&#8221;]<\/p>\n<h4><strong>Bursa Distribution Point<\/strong><\/h4>\n<p style=\"font-weight: 400;\"><strong>Gsm:<\/strong> +90 (532) 717 44 93<\/p>\n<p style=\"font-weight: 400;\"><strong>Tel:<\/strong>\u00a0 +90 (224) 366 87 00<\/p>\n<p style=\"font-weight: 400;\"><strong>E-mail:<\/strong>\u00a0<a href=\"mailto:bursadagitim@temak.com.tr\">bursadagitim@temak.com.tr<\/a><\/p>\n<p style=\"font-weight: 400;\"><strong>Adres:<\/strong> \u00c7amkoru \u0130\u015f Merkezi No:21-B, Sokak: 626, Alaaddinbey Mahallesi, Nil\u00fcfer, Bursa<\/p>\n<p>[\/vc_column_text][vc_column_text css=&#8221;&#8221;]<strong>Ankara Region Sales Representative:<\/strong> 05301765653<br \/>\n<strong>Aegean Region Sales Representative:<\/strong> 05327174493<br \/>\n<strong>Istanbul European Side Sales Representative:<\/strong> 05333858460<br \/>\n<strong>Istanbul Anatolian Side Sales Representative:<\/strong> 05413391706[\/vc_column_text][\/vc_column_inner][vc_column_inner width=&#8221;1\/2&#8243; css=&#8221;.vc_custom_1423767662799{margin-top: 60px !important;margin-bottom: 40px !important;}&#8221;][vc_column_text css=&#8221;&#8221;]<\/p>\n<h4><strong>Contact Information<\/strong><\/h4>\n<p>Tel: +90(216) 366 87 00<\/p>\n<p>Gsm: +90(530) 956 40 57<\/p>\n<p>Gsm: +90(530) 956 38 86<\/p>\n<p>Gsm: +90(532) 365 24 53<\/p>\n<p>Fax: +90(216) 366 87 50<\/p>\n<p><a href=\"mailto:info@temak.com.tr\">info@temak.com.tr<\/a>[\/vc_column_text][\/vc_column_inner][\/vc_row_inner][\/vc_column][vc_column width=&#8221;1\/2&#8243;][vc_column_text]<iframe loading=\"lazy\" style=\"border: 0;\" tabindex=\"0\" src=\"https:\/\/www.google.com\/maps\/embed?pb=!1m14!1m8!1m3!1d6027.591356920071!2d29.132356000000005!3d40.942145!3m2!1i1024!2i768!4f13.1!3m3!1m2!1s0x0%3A0xfa543ac23511f964!2sTemak!5e0!3m2!1str!2str!4v1597671158113!5m2!1str!2str\" width=\"100%\" height=\"450\" frameborder=\"0\" allowfullscreen=\"allowfullscreen\" aria-hidden=\"false\"><\/iframe>[\/vc_column_text][\/vc_column][\/vc_row]<\/p>\n<\/div>","protected":false},"excerpt":{"rendered":"<p>[vc_row row_type=&#8221;row_full_center_content&#8221; padding_top=&#8221;10&#8243;][vc_column width=&#8221;1\/2&#8243;][vc_row_inner][vc_column_inner width=&#8221;1\/2&#8243; css=&#8221;.vc_custom_1423767656799{margin-top: 60px !important;margin-bottom: 40px !important;}&#8221;][vc_column_text css=&#8221;&#8221;] Headquarters TEMAK TEKN\u0130K TAKIM TEZGAHLARI SAN. VE T\u0130C. A. \u015e. &#8230;<\/p>\n","protected":false},"author":1,"featured_media":0,"parent":0,"menu_order":0,"comment_status":"open","ping_status":"closed","template":"","meta":{"footnotes":""},"class_list":["post-25","page","type-page","status-publish","hentry"],"_links":{"self":[{"href":"https:\/\/temak.com.tr\/en\/wp-json\/wp\/v2\/pages\/25","targetHints":{"allow":["GET"]}}],"collection":[{"href":"https:\/\/temak.com.tr\/en\/wp-json\/wp\/v2\/pages"}],"about":[{"href":"https:\/\/temak.com.tr\/en\/wp-json\/wp\/v2\/types\/page"}],"author":[{"embeddable":true,"href":"https:\/\/temak.com.tr\/en\/wp-json\/wp\/v2\/users\/1"}],"replies":[{"embeddable":true,"href":"https:\/\/temak.com.tr\/en\/wp-json\/wp\/v2\/comments?post=25"}],"version-history":[{"count":3,"href":"https:\/\/temak.com.tr\/en\/wp-json\/wp\/v2\/pages\/25\/revisions"}],"predecessor-version":[{"id":2416,"href":"https:\/\/temak.com.tr\/en\/wp-json\/wp\/v2\/pages\/25\/revisions\/2416"}],"wp:attachment":[{"href":"https:\/\/temak.com.tr\/en\/wp-json\/wp\/v2\/media?parent=25"}],"curies":[{"name":"wp","href":"https:\/\/api.w.org\/{rel}","templated":true}]}}