{"id":992,"date":"2020-08-19T19:37:24","date_gmt":"2020-08-19T16:37:24","guid":{"rendered":"http:\/\/meddahistanbul.com\/temakdemo\/?page_id=992"},"modified":"2024-09-13T06:40:09","modified_gmt":"2024-09-13T03:40:09","slug":"hakansson","status":"publish","type":"page","link":"https:\/\/temak.com.tr\/en\/hakansson\/","title":{"rendered":"HAKANSSON"},"content":{"rendered":"<div class=\"wpb-content-wrapper\"><p>[vc_row][vc_column width=&#8221;1\/2&#8243;][vc_column_text]<\/p>\n<h4><span style=\"color: #808080;\"><strong>HAKANSSON<\/strong><\/span><\/h4>\n<p><span style=\"color: #808080;\">The history of leading industrial company HAKANSSON goes back to 1890&#8217;s. Mr Lars HAKANSSON who was an innovative iron-stell industry worker had a patent for a new steel hardening method, and founded his company at that time. Mr Gustaf H\u00e5kansson started to use high frequency technology (induction hardening) in 1946, and made a leading innovation for band saw blades heat treatment.\u00a0 In 1974 H\u00e5kansson S\u00e5gblad company opened the factory in \u00c5m\u00e5l and then opened two new factories in the following years. In 1977 the company started the production of Bi-Metal saw blades. H\u00e5kansson S\u00e5gblad is the unique producer of Bi-Metal band saw blades in the world. H\u00e5kansson S\u00e5gblad exports its band saw blades made in \u00c5m\u00e5l, Sweden to many countries worldwide. The leading Swedish manufacturing technology and the experience since 1944 result in worldwide best quality band saw blades. H\u00e5kansson band saw blades are used for cutting stainless steel, hard metals, wooden, ice, plastic and many other materials. Independent from the material type, the result is always best cutting performance and long saw blade lifetime. All the raw material supply and the production are hundred percent in Sweden. H\u00e5kansson is the only company which manufactures band saw blades in Sweden. The production is totally automatic and the company only specialized in production of band saw blades.<\/span><\/p>\n<h4><span style=\"color: #808080;\"><strong>HAKANSSON Products:<\/strong><\/span><\/h4>\n<ul>\n<li><span style=\"color: #808080;\">Bi-Metal band saw blades<\/span><\/li>\n<\/ul>\n<h4><span style=\"color: #808080;\"><strong>ALLPOWER and EXPOWER<\/strong><\/span><\/h4>\n<ul>\n<li style=\"list-style-type: none;\">\n<ul>\n<li><span style=\"color: #808080;\">Designed for cutting beams and solid materials.<\/span><\/li>\n<li><span style=\"color: #808080;\">Positive cutting angle is applied.<\/span><\/li>\n<li><span style=\"color: #808080;\">Suitable for a wide range of application from smaller workshops to bigger heavy industry plants.<\/span><\/li>\n<li><span style=\"color: #808080;\">Made of HSS M42 Swedish steel.<\/span><\/li>\n<\/ul>\n<\/li>\n<\/ul>\n<h4><span style=\"color: #808080;\"><strong>POWERMAX<\/strong><\/span><\/h4>\n<ul>\n<li><span style=\"color: #808080;\">Special profile for high performance cutting of profile, pipe and structural steel materials.<\/span><\/li>\n<li><span style=\"color: #808080;\">Resistant to shocks, vibrations and teeth breakage.<\/span><\/li>\n<li><span style=\"color: #808080;\">Suitable especially for cutting bundles.<\/span><\/li>\n<li><span style=\"color: #808080;\">Made of HSS M42 Swedish steel.<\/span><\/li>\n<\/ul>\n<p><span style=\"color: #808080;\"><strong style=\"font-family: Montserrat, Helvetica, Arial, sans-serif; font-size: 18px; letter-spacing: -0.2px;\">COMMANDER<\/strong><\/span><\/p>\n<ul>\n<li style=\"list-style-type: none;\">\n<ul>\n<li><span style=\"color: #808080;\">Designed for cutting stainless steel and solid materials.<\/span><\/li>\n<li><span style=\"color: #808080;\">Suitable for high speed cutting.<\/span><\/li>\n<li><span style=\"color: #808080;\">Specially designed for optimal chip flow and increased cutting rate.<\/span><\/li>\n<li><span style=\"color: #808080;\">High wear resistance.<\/span><\/li>\n<li><span style=\"color: #808080;\">Made of HSS M42 Swedish steel.<\/span><\/li>\n<\/ul>\n<\/li>\n<\/ul>\n<p>[\/vc_column_text][\/vc_column][vc_column width=&#8221;1\/2&#8243;][vc_single_image image=&#8221;1694&#8243; img_size=&#8221;1000&#215;600&#8243;][vc_column_text]<\/p>\n<h4>Product Catalogue<\/h4>\n<p>&nbsp;<\/p>\n<p><span style=\"color: #808080;\">You can download our product catalogue and view our products&#8217; details<\/span><\/p>\n<p><a href=\"https:\/\/temak.com.tr\/wp-content\/uploads\/2024\/09\/Hakansson-katalog.pdf\"><strong>Download PDF<\/strong><\/a>[\/vc_column_text][\/vc_column][\/vc_row]<\/p>\n<\/div>","protected":false},"excerpt":{"rendered":"<p>[vc_row][vc_column width=&#8221;1\/2&#8243;][vc_column_text] HAKANSSON The history of leading industrial company HAKANSSON goes back to 1890&#8217;s. Mr Lars HAKANSSON who was an innovative &#8230;<\/p>\n","protected":false},"author":1,"featured_media":0,"parent":0,"menu_order":0,"comment_status":"closed","ping_status":"closed","template":"","meta":{"footnotes":""},"class_list":["post-992","page","type-page","status-publish","hentry"],"_links":{"self":[{"href":"https:\/\/temak.com.tr\/en\/wp-json\/wp\/v2\/pages\/992","targetHints":{"allow":["GET"]}}],"collection":[{"href":"https:\/\/temak.com.tr\/en\/wp-json\/wp\/v2\/pages"}],"about":[{"href":"https:\/\/temak.com.tr\/en\/wp-json\/wp\/v2\/types\/page"}],"author":[{"embeddable":true,"href":"https:\/\/temak.com.tr\/en\/wp-json\/wp\/v2\/users\/1"}],"replies":[{"embeddable":true,"href":"https:\/\/temak.com.tr\/en\/wp-json\/wp\/v2\/comments?post=992"}],"version-history":[{"count":0,"href":"https:\/\/temak.com.tr\/en\/wp-json\/wp\/v2\/pages\/992\/revisions"}],"wp:attachment":[{"href":"https:\/\/temak.com.tr\/en\/wp-json\/wp\/v2\/media?parent=992"}],"curies":[{"name":"wp","href":"https:\/\/api.w.org\/{rel}","templated":true}]}}